{"id":8993,"date":"2020-11-25T16:28:19","date_gmt":"2020-11-25T15:28:19","guid":{"rendered":"https:\/\/didactum.fr\/mentions-legales\/"},"modified":"2026-03-17T16:03:32","modified_gmt":"2026-03-17T15:03:32","slug":"mentions-legales","status":"publish","type":"page","link":"https:\/\/didactum.fr\/fr-ca\/mentions-legales\/","title":{"rendered":"Mentions l\u00e9gales"},"content":{"rendered":"\t\t<div data-elementor-type=\"wp-page\" data-elementor-id=\"8993\" class=\"elementor elementor-8993 elementor-67\" data-elementor-post-type=\"page\">\n\t\t\t\t\t\t<section class=\"elementor-section elementor-top-section elementor-element elementor-element-4b069d91 elementor-section-boxed elementor-section-height-default elementor-section-height-default\" data-id=\"4b069d91\" data-element_type=\"section\" data-e-type=\"section\">\n\t\t\t\t\t\t<div class=\"elementor-container elementor-column-gap-default\">\n\t\t\t\t\t<div class=\"elementor-column elementor-col-100 elementor-top-column elementor-element elementor-element-10fc70db\" data-id=\"10fc70db\" data-element_type=\"column\" data-e-type=\"column\">\n\t\t\t<div class=\"elementor-widget-wrap elementor-element-populated\">\n\t\t\t\t\t\t<div class=\"elementor-element elementor-element-7b5db74d elementor-widget elementor-widget-text-editor\" data-id=\"7b5db74d\" data-element_type=\"widget\" data-e-type=\"widget\" data-widget_type=\"text-editor.default\">\n\t\t\t\t<div class=\"elementor-widget-container\">\n\t\t\t\t\t\t\t\t\t\n<h4>1. Pr\u00e9sentation du site :<\/h4>\n\n<p>Conform\u00e9ment aux dispositions des articles 6-III et 19 de la Loi n\u00b0 2004-575 du 21 juin 2004 pour la Confiance dans l\u2019\u00e9conomie num\u00e9rique, dite L.C.E.N., nous portons \u00e0 la connaissance des utilisateurs et visiteurs du site : <a href=\"https:\/\/didactum.fr\/fr-ca\/\" target=\"_blank\" rel=\"noreferrer noopener\">didactum.fr<\/a> les informations suivantes :<\/p>\n\n<p><strong>Informations l\u00e9gales<\/strong> :<\/p>\n\n<p>Statut du propri\u00e9taire : <strong>SAS<\/strong><br>Nom de la Soci\u00e9t\u00e9 : <strong>Didactum<\/strong><br>Adresse : <b>Le Village by CA Nord de France, 225 Rue des Templiers, 59000 Lille<\/b><br>T\u00e9l : <strong>03 20 46 57 95<\/strong><br>Au Capital de : <strong>48 680 \u20ac<\/strong><br>SIRET : <strong>393 223 888<\/strong> R.C.S. : <strong>Lille M\u00e9tropole<\/strong><br>Num\u00e9ro TVA intracommunautaire : <strong>FR65393223888<\/strong><br>Adresse de courrier \u00e9lectronique :         <strong><a href=\"mailto:hello@didactum.fr\">hello@didactum.fr<\/a><br>Le Responsable de la publication est : <strong>Nicolas Helfenberger<\/strong><br>Contactez le responsable de la publication \u00e0 <strong><a href=\"mailto:hello@didactum.fr\">hello@didactum.fr<\/a><\/strong><br>L\u2019h\u00e9bergeur du site est : <strong>OVH SAS, 2 Rue Kellermann 59100 Roubaix<\/strong><\/strong><\/p>\n\n<h4>2. Description des services fournis :<\/h4>\n\n<p>Le site <a href=\"https:\/\/didactum.fr\/fr-ca\/\" target=\"_blank\" rel=\"noreferrer noopener\">didactum.fr<\/a> a pour objet de fournir une information concernant l\u2019ensemble des activit\u00e9s de la soci\u00e9t\u00e9.<\/p>\n\n<p>Le propri\u00e9taire du site s\u2019efforce de fournir sur le site <a href=\"https:\/\/didactum.fr\/fr-ca\/\" target=\"_blank\" rel=\"noreferrer noopener\">didactum.fr<\/a> des informations aussi pr\u00e9cises que possible. Toutefois, il ne pourra \u00eatre tenu responsable des omissions, des inexactitudes et des carences dans la mise \u00e0 jour, qu\u2019elles soient de son fait ou du fait des tiers partenaires qui lui fournissent ces informations. <\/p>\n\n<p>Toutes les informations propos\u00e9es sur le site <a href=\"https:\/\/didactum.fr\/fr-ca\/\" target=\"_blank\" rel=\"noreferrer noopener\">didactum.fr<\/a> sont donn\u00e9es \u00e0 titre indicatif, sont non exhaustives, et sont susceptibles d\u2019\u00e9voluer. Elles sont donn\u00e9es sous r\u00e9serve de modifications ayant \u00e9t\u00e9 apport\u00e9es depuis leur mise en ligne. <\/p>\n\n<h4>3. Propri\u00e9t\u00e9 intellectuelle et contrefa\u00e7ons :<\/h4>\n\n<p>Le propri\u00e9taire du site d\u00e9tient les droits de propri\u00e9t\u00e9 intellectuelle ou d\u00e9tient les droits d\u2019usage sur tous les \u00e9l\u00e9ments accessibles sur le site, notamment les textes, images, graphismes, logo, ic\u00f4nes, sons, logiciels\u2026<br>Toute reproduction, repr\u00e9sentation, modification, publication, adaptation totale ou partielle des \u00e9l\u00e9ments du site, quel que soit le moyen ou le proc\u00e9d\u00e9 utilis\u00e9, est interdite, sauf autorisation \u00e9crite pr\u00e9alable \u00e0 l\u2019email <a href=\"mailto:hello@didactum.fr\">hello@didactum.fr<\/a>.<\/p>\n\n<p>Toute exploitation non autoris\u00e9e du site ou de l\u2019un des \u00e9l\u00e9ments qu\u2019il contient sera consid\u00e9r\u00e9e comme constitutive d\u2019une contrefa\u00e7on et poursuivie conform\u00e9ment aux dispositions des articles L.335-2 et suivants du Code de Propri\u00e9t\u00e9 Intellectuelle.<\/p>\n\n<h4>4. Liens hypertextes et cookies :<\/h4>\n\n<p>Le site <a href=\"https:\/\/didactum.fr\/fr-ca\/\" target=\"_blank\" rel=\"noreferrer noopener\">didactum.fr<\/a> contient un certain nombre de liens hypertextes vers d\u2019autres sites (partenaires, informations\u2026) mis en place avec l\u2019autorisation des propri\u00e9taires des sites en question. Cependant, le propri\u00e9taire du site n\u2019a pas la possibilit\u00e9 de v\u00e9rifier le contenu des sites ainsi visit\u00e9s et d\u00e9cline donc toute responsabilit\u00e9 de ce fait quant aux risques \u00e9ventuels de contenus illicites. <\/p>\n\n<p>L\u2019utilisateur est inform\u00e9 que lors de ses visites sur le site <a href=\"https:\/\/didactum.fr\/fr-ca\/\" target=\"_blank\" rel=\"noreferrer noopener\">didactum.fr<\/a>, un ou des cookies sont susceptibles de s\u2019installer automatiquement sur son ordinateur. Un cookie est un fichier de petite taille, qui ne permet pas l\u2019identification de l\u2019utilisateur, mais qui enregistre des informations relatives \u00e0 la navigation sur un site. Les donn\u00e9es ainsi obtenues visent \u00e0 faciliter la navigation ult\u00e9rieure sur le site, et ont \u00e9galement vocation \u00e0 permettre diverses mesures de fr\u00e9quentation.  <\/p>\n\n<p>Le param\u00e9trage du logiciel de navigation permet d\u2019informer de la pr\u00e9sence d\u2019un cookie et \u00e9ventuellement, de le refuser de la mani\u00e8re d\u00e9crite \u00e0 l\u2019adresse suivante : <a href=\"https:\/\/www.cnil.fr\/\" target=\"_blank\" rel=\"noreferrer noopener\">www.cnil.fr<\/a><br>Le refus d\u2019installation d\u2019un cookie peut entra\u00eener l\u2019impossibilit\u00e9 d\u2019acc\u00e9der \u00e0 certains services. L\u2019utilisateur peut toutefois configurer son ordinateur de la mani\u00e8re suivante, pour refuser l\u2019installation des cookies : <\/p>\n\n<p>Sous Chrome : Menu Chrome \/ param\u00e8tres. Cliquez sur l\u2019ic\u00f4ne menu en haut \u00e0 gauche, puis \u00ab Param\u00e8tres avanc\u00e9s \u00bb. Cliquez sur \u00ab Confidentialit\u00e9 et s\u00e9curit\u00e9 \u00bb \/ \u00ab Param\u00e8tres du contenu \u00bb \/ \u00ab Cookies \u00bb \/ \u00ab Bloquer les cookies tiers \u00bb.  <\/p>\n\n<p>Sous Internet Explorer : onglet outil \/ options internet. Cliquez sur Confidentialit\u00e9 et choisissez \u00ab Bloquer tous les cookies \u00bb. Validez sur Ok.<br>Sous Safari : Menu Safari \/ pr\u00e9f\u00e9rences. Cliquez sur \u00ab Confidentialit\u00e9 \u00bb et cochez la case \u00ab Bloquer tous les cookies \u00bb.   <\/p>\n\n<h4>5. Protection des biens et des personnes \u2013 gestion des donn\u00e9es personnelles :<\/h4>\n\n<p>Utilisateur : Internaute se connectant, utilisant le site susnomm\u00e9 : <a href=\"https:\/\/didactum.fr\/fr-ca\/\" target=\"_blank\" rel=\"noreferrer noopener\">didactum.fr<\/a><br>En France, les donn\u00e9es personnelles sont notamment prot\u00e9g\u00e9es par la loi n\u00b0 78-87 du 6 janvier 1978, la loi n\u00b0 2004-801 du 6 ao\u00fbt 2004, l\u2019article L. 226-13 du Code p\u00e9nal et la Directive Europ\u00e9enne du 24 octobre 1995.<\/p>\n\n<p>Sur le site <a href=\"https:\/\/didactum.fr\/fr-ca\/\" target=\"_blank\" rel=\"noreferrer noopener\">didactum.fr<\/a>, le propri\u00e9taire du site ne collecte des informations personnelles relatives \u00e0 l\u2019utilisateur que pour le besoin de certains services propos\u00e9s par le site <a href=\"https:\/\/didactum.fr\/fr-ca\/\" target=\"_blank\" rel=\"noreferrer noopener\">didactum.fr<\/a>. L\u2019utilisateur fournit ces informations en toute connaissance de cause, notamment lorsqu\u2019il proc\u00e8de par lui-m\u00eame \u00e0 leur saisie. Il est alors pr\u00e9cis\u00e9 \u00e0 l\u2019utilisateur du site <a href=\"https:\/\/didactum.fr\/fr-ca\/\" target=\"_blank\" rel=\"noreferrer noopener\">didactum.fr<\/a> l\u2019obligation ou non de fournir ces informations.  <\/p>\n\n<p>Conform\u00e9ment aux dispositions des articles 38 et suivants de la loi 78-17 du 6 janvier 1978 relative \u00e0 l\u2019informatique, aux fichiers et aux libert\u00e9s, tout utilisateur dispose d\u2019un droit d\u2019acc\u00e8s, de rectification, de suppression et d\u2019opposition aux donn\u00e9es personnelles le concernant. Pour l\u2019exercer, adressez votre demande \u00e0 <a href=\"https:\/\/didactum.fr\/fr-ca\/\" target=\"_blank\" rel=\"noreferrer noopener\">didactum.fr<\/a> par email ou en effectuant sa demande \u00e9crite et sign\u00e9e, accompagn\u00e9e d\u2019une copie du titre d\u2019identit\u00e9 avec signature du titulaire de la pi\u00e8ce, en pr\u00e9cisant l\u2019adresse \u00e0 laquelle la r\u00e9ponse doit \u00eatre envoy\u00e9e. <\/p>\n\n<p>Aucune information personnelle de l\u2019utilisateur du site <a href=\"https:\/\/didactum.fr\/fr-ca\/\" target=\"_blank\" rel=\"noreferrer noopener\">didactum.fr<\/a> n\u2019est publi\u00e9e \u00e0 l\u2019insu de l\u2019utilisateur, \u00e9chang\u00e9e, transf\u00e9r\u00e9e, c\u00e9d\u00e9e ou vendue sur un support quelconque \u00e0 des tiers. Seule l\u2019hypoth\u00e8se du rachat du site <a href=\"https:\/\/didactum.fr\/fr-ca\/\" target=\"_blank\" rel=\"noreferrer noopener\">didactum.fr<\/a> et de ses droits permettrait la transmission des dites informations \u00e0 l\u2019\u00e9ventuel acqu\u00e9reur qui serait \u00e0 son tour tenu de la m\u00eame obligation de conservation et de modification des donn\u00e9es vis \u00e0 vis de l\u2019utilisateur du site <a href=\"https:\/\/didactum.fr\/fr-ca\/\" target=\"_blank\" rel=\"noreferrer noopener\">didactum.fr<\/a>. <\/p>\n\n<p>Les bases de donn\u00e9es sont prot\u00e9g\u00e9es par les dispositions de la loi du 1er juillet 1998 transposant la directive 96\/9 du 11 mars 1996 relative \u00e0 la protection juridique des bases de donn\u00e9es.<\/p>\n\t\t\t\t\t\t\t\t<\/div>\n\t\t\t\t<\/div>\n\t\t\t\t\t<\/div>\n\t\t<\/div>\n\t\t\t\t\t<\/div>\n\t\t<\/section>\n\t\t\t\t<\/div>\n\t\t","protected":false},"excerpt":{"rendered":"<p>1. Pr\u00e9sentation du site : Conform\u00e9ment aux dispositions des articles 6-III et 19 de la Loi n\u00b0 2004-575 du 21 juin 2004 pour la Confiance dans l\u2019\u00e9conomie num\u00e9rique, dite L.C.E.N., nous portons \u00e0 la connaissance des utilisateurs et visiteurs du site : didactum.fr les informations suivantes : Informations l\u00e9gales : Statut du propri\u00e9taire : SASNom [&hellip;]<\/p>\n","protected":false},"author":1,"featured_media":0,"parent":0,"menu_order":0,"comment_status":"closed","ping_status":"closed","template":"","meta":{"_acf_changed":false,"footnotes":""},"class_list":["post-8993","page","type-page","status-publish","hentry"],"acf":[],"yoast_head":"<!-- This site is optimized with the Yoast SEO plugin v27.3 - https:\/\/yoast.com\/product\/yoast-seo-wordpress\/ -->\n<title>Mentions l\u00e9gales - Didactum<\/title>\n<meta name=\"description\" content=\"Designers de formations, didactum vous fait entrer dans une nouvelle dimension de l\u2019\u00e9mancipation professionnelle pour garantir la productivit\u00e9 de votre entreprise en toute circonstance\u2026\" \/>\n<meta name=\"robots\" content=\"index, follow, max-snippet:-1, max-image-preview:large, max-video-preview:-1\" \/>\n<link rel=\"canonical\" href=\"https:\/\/didactum.fr\/fr-ca\/mentions-legales\/\" \/>\n<meta property=\"og:locale\" content=\"fr_CA\" \/>\n<meta property=\"og:type\" content=\"article\" \/>\n<meta property=\"og:title\" content=\"Mentions l\u00e9gales - Didactum\" \/>\n<meta property=\"og:description\" content=\"Designers de formations, didactum vous fait entrer dans une nouvelle dimension de l\u2019\u00e9mancipation professionnelle pour garantir la productivit\u00e9 de votre entreprise en toute circonstance\u2026\" \/>\n<meta property=\"og:url\" content=\"https:\/\/didactum.fr\/fr-ca\/mentions-legales\/\" \/>\n<meta property=\"og:site_name\" content=\"Didactum\" \/>\n<meta property=\"article:modified_time\" content=\"2026-03-17T15:03:32+00:00\" \/>\n<meta property=\"og:image\" content=\"https:\/\/didactum.fr\/wp-content\/uploads\/2021\/01\/Didactum-logo.png\" \/>\n\t<meta property=\"og:image:width\" content=\"588\" \/>\n\t<meta property=\"og:image:height\" content=\"165\" \/>\n\t<meta property=\"og:image:type\" content=\"image\/png\" \/>\n<meta name=\"twitter:card\" content=\"summary_large_image\" \/>\n<meta name=\"twitter:label1\" content=\"Estimation du temps de lecture\" \/>\n\t<meta name=\"twitter:data1\" content=\"5 minutes\" \/>\n<script type=\"application\/ld+json\" class=\"yoast-schema-graph\">{\"@context\":\"https:\\\/\\\/schema.org\",\"@graph\":[{\"@type\":\"WebPage\",\"@id\":\"https:\\\/\\\/didactum.fr\\\/fr-ca\\\/mentions-legales\\\/\",\"url\":\"https:\\\/\\\/didactum.fr\\\/fr-ca\\\/mentions-legales\\\/\",\"name\":\"Mentions l\u00e9gales - Didactum\",\"isPartOf\":{\"@id\":\"https:\\\/\\\/didactum.fr\\\/#website\"},\"datePublished\":\"2020-11-25T15:28:19+00:00\",\"dateModified\":\"2026-03-17T15:03:32+00:00\",\"description\":\"Designers de formations, didactum vous fait entrer dans une nouvelle dimension de l\u2019\u00e9mancipation professionnelle pour garantir la productivit\u00e9 de votre entreprise en toute circonstance\u2026\",\"inLanguage\":\"fr-CA\",\"potentialAction\":[{\"@type\":\"ReadAction\",\"target\":[\"https:\\\/\\\/didactum.fr\\\/fr-ca\\\/mentions-legales\\\/\"]}]},{\"@type\":\"WebSite\",\"@id\":\"https:\\\/\\\/didactum.fr\\\/#website\",\"url\":\"https:\\\/\\\/didactum.fr\\\/\",\"name\":\"Didactum\",\"description\":\"\",\"publisher\":{\"@id\":\"https:\\\/\\\/didactum.fr\\\/#organization\"},\"potentialAction\":[{\"@type\":\"SearchAction\",\"target\":{\"@type\":\"EntryPoint\",\"urlTemplate\":\"https:\\\/\\\/didactum.fr\\\/?s={search_term_string}\"},\"query-input\":{\"@type\":\"PropertyValueSpecification\",\"valueRequired\":true,\"valueName\":\"search_term_string\"}}],\"inLanguage\":\"fr-CA\"},{\"@type\":\"Organization\",\"@id\":\"https:\\\/\\\/didactum.fr\\\/#organization\",\"name\":\"Didactum\",\"url\":\"https:\\\/\\\/didactum.fr\\\/\",\"logo\":{\"@type\":\"ImageObject\",\"inLanguage\":\"fr-CA\",\"@id\":\"https:\\\/\\\/didactum.fr\\\/#\\\/schema\\\/logo\\\/image\\\/\",\"url\":\"https:\\\/\\\/didactum.fr\\\/wp-content\\\/uploads\\\/2021\\\/01\\\/Didactum-logo.png\",\"contentUrl\":\"https:\\\/\\\/didactum.fr\\\/wp-content\\\/uploads\\\/2021\\\/01\\\/Didactum-logo.png\",\"width\":588,\"height\":165,\"caption\":\"Didactum\"},\"image\":{\"@id\":\"https:\\\/\\\/didactum.fr\\\/#\\\/schema\\\/logo\\\/image\\\/\"},\"sameAs\":[\"https:\\\/\\\/www.linkedin.com\\\/company\\\/didactumformation\\\/\"]}]}<\/script>\n<!-- \/ Yoast SEO plugin. -->","yoast_head_json":{"title":"Mentions l\u00e9gales - Didactum","description":"Designers de formations, didactum vous fait entrer dans une nouvelle dimension de l\u2019\u00e9mancipation professionnelle pour garantir la productivit\u00e9 de votre entreprise en toute circonstance\u2026","robots":{"index":"index","follow":"follow","max-snippet":"max-snippet:-1","max-image-preview":"max-image-preview:large","max-video-preview":"max-video-preview:-1"},"canonical":"https:\/\/didactum.fr\/fr-ca\/mentions-legales\/","og_locale":"fr_CA","og_type":"article","og_title":"Mentions l\u00e9gales - Didactum","og_description":"Designers de formations, didactum vous fait entrer dans une nouvelle dimension de l\u2019\u00e9mancipation professionnelle pour garantir la productivit\u00e9 de votre entreprise en toute circonstance\u2026","og_url":"https:\/\/didactum.fr\/fr-ca\/mentions-legales\/","og_site_name":"Didactum","article_modified_time":"2026-03-17T15:03:32+00:00","og_image":[{"width":588,"height":165,"url":"https:\/\/didactum.fr\/wp-content\/uploads\/2021\/01\/Didactum-logo.png","type":"image\/png"}],"twitter_card":"summary_large_image","twitter_misc":{"Estimation du temps de lecture":"5 minutes"},"schema":{"@context":"https:\/\/schema.org","@graph":[{"@type":"WebPage","@id":"https:\/\/didactum.fr\/fr-ca\/mentions-legales\/","url":"https:\/\/didactum.fr\/fr-ca\/mentions-legales\/","name":"Mentions l\u00e9gales - Didactum","isPartOf":{"@id":"https:\/\/didactum.fr\/#website"},"datePublished":"2020-11-25T15:28:19+00:00","dateModified":"2026-03-17T15:03:32+00:00","description":"Designers de formations, didactum vous fait entrer dans une nouvelle dimension de l\u2019\u00e9mancipation professionnelle pour garantir la productivit\u00e9 de votre entreprise en toute circonstance\u2026","inLanguage":"fr-CA","potentialAction":[{"@type":"ReadAction","target":["https:\/\/didactum.fr\/fr-ca\/mentions-legales\/"]}]},{"@type":"WebSite","@id":"https:\/\/didactum.fr\/#website","url":"https:\/\/didactum.fr\/","name":"Didactum","description":"","publisher":{"@id":"https:\/\/didactum.fr\/#organization"},"potentialAction":[{"@type":"SearchAction","target":{"@type":"EntryPoint","urlTemplate":"https:\/\/didactum.fr\/?s={search_term_string}"},"query-input":{"@type":"PropertyValueSpecification","valueRequired":true,"valueName":"search_term_string"}}],"inLanguage":"fr-CA"},{"@type":"Organization","@id":"https:\/\/didactum.fr\/#organization","name":"Didactum","url":"https:\/\/didactum.fr\/","logo":{"@type":"ImageObject","inLanguage":"fr-CA","@id":"https:\/\/didactum.fr\/#\/schema\/logo\/image\/","url":"https:\/\/didactum.fr\/wp-content\/uploads\/2021\/01\/Didactum-logo.png","contentUrl":"https:\/\/didactum.fr\/wp-content\/uploads\/2021\/01\/Didactum-logo.png","width":588,"height":165,"caption":"Didactum"},"image":{"@id":"https:\/\/didactum.fr\/#\/schema\/logo\/image\/"},"sameAs":["https:\/\/www.linkedin.com\/company\/didactumformation\/"]}]}},"_links":{"self":[{"href":"https:\/\/didactum.fr\/fr-ca\/wp-json\/wp\/v2\/pages\/8993","targetHints":{"allow":["GET"]}}],"collection":[{"href":"https:\/\/didactum.fr\/fr-ca\/wp-json\/wp\/v2\/pages"}],"about":[{"href":"https:\/\/didactum.fr\/fr-ca\/wp-json\/wp\/v2\/types\/page"}],"author":[{"embeddable":true,"href":"https:\/\/didactum.fr\/fr-ca\/wp-json\/wp\/v2\/users\/1"}],"replies":[{"embeddable":true,"href":"https:\/\/didactum.fr\/fr-ca\/wp-json\/wp\/v2\/comments?post=8993"}],"version-history":[{"count":1,"href":"https:\/\/didactum.fr\/fr-ca\/wp-json\/wp\/v2\/pages\/8993\/revisions"}],"predecessor-version":[{"id":8994,"href":"https:\/\/didactum.fr\/fr-ca\/wp-json\/wp\/v2\/pages\/8993\/revisions\/8994"}],"wp:attachment":[{"href":"https:\/\/didactum.fr\/fr-ca\/wp-json\/wp\/v2\/media?parent=8993"}],"curies":[{"name":"wp","href":"https:\/\/api.w.org\/{rel}","templated":true}]}}