{"id":8984,"date":"2023-11-28T17:41:17","date_gmt":"2023-11-28T16:41:17","guid":{"rendered":"https:\/\/didactum.fr\/guides-pratiques-didactum\/"},"modified":"2026-03-17T15:38:14","modified_gmt":"2026-03-17T14:38:14","slug":"guides-pratiques-didactum","status":"publish","type":"page","link":"https:\/\/didactum.fr\/fr-ca\/guides-pratiques-didactum\/","title":{"rendered":"Guides pratiques Didactum"},"content":{"rendered":"\t\t<div data-elementor-type=\"wp-page\" data-elementor-id=\"8984\" class=\"elementor elementor-8984 elementor-5765\" data-elementor-post-type=\"page\">\n\t\t\t\t\t\t<section class=\"elementor-section elementor-top-section elementor-element elementor-element-3fa9f9d elementor-section-height-min-height elementor-section-boxed elementor-section-height-default elementor-section-items-middle\" data-id=\"3fa9f9d\" data-element_type=\"section\" data-e-type=\"section\" data-settings=\"{&quot;background_background&quot;:&quot;classic&quot;}\">\n\t\t\t\t\t\t\t<div class=\"elementor-background-overlay\"><\/div>\n\t\t\t\t\t\t\t<div class=\"elementor-container elementor-column-gap-default\">\n\t\t\t\t\t<div class=\"elementor-column elementor-col-100 elementor-top-column elementor-element elementor-element-790984c\" data-id=\"790984c\" data-element_type=\"column\" data-e-type=\"column\">\n\t\t\t<div class=\"elementor-widget-wrap elementor-element-populated\">\n\t\t\t\t\t\t<div class=\"elementor-element elementor-element-00695e6 header-txt elementor-widget elementor-widget-heading\" data-id=\"00695e6\" data-element_type=\"widget\" data-e-type=\"widget\" data-widget_type=\"heading.default\">\n\t\t\t\t<div class=\"elementor-widget-container\">\n\t\t\t\t\t<p class=\"elementor-heading-title elementor-size-default\">GUIDES PRATIQUES<\/p>\t\t\t\t<\/div>\n\t\t\t\t<\/div>\n\t\t\t\t<div class=\"elementor-element elementor-element-d268cdb elementor-widget elementor-widget-text-editor\" data-id=\"d268cdb\" data-element_type=\"widget\" data-e-type=\"widget\" data-widget_type=\"text-editor.default\">\n\t\t\t\t<div class=\"elementor-widget-container\">\n\t\t\t\t\t\t\t\t\t<h4>Des guides complets et structur\u00e9s, con\u00e7us pour une consultation rapide et efficace, afin d\u2019accompagner les \u00e9quipes SST dans leurs activit\u00e9s quotidiennes d\u2019information, de sensibilisation et de formation.<br>Ils s\u2019adressent autant aux \u00e9quipes internes qu\u2019aux intervenants externes, et couvrent les enjeux li\u00e9s \u00e0 la sant\u00e9, \u00e0 la s\u00e9curit\u00e9 et \u00e0 l\u2019environnement.<\/h4>\t\t\t\t\t\t\t\t<\/div>\n\t\t\t\t<\/div>\n\t\t\t\t<div class=\"elementor-element elementor-element-9027975 elementor-widget elementor-widget-text-editor\" data-id=\"9027975\" data-element_type=\"widget\" data-e-type=\"widget\" data-widget_type=\"text-editor.default\">\n\t\t\t\t<div class=\"elementor-widget-container\">\n\t\t\t\t\t\t\t\t\t<p>En savoir plus<\/p><p> <\/p><p> <\/p><p><img decoding=\"async\" class=\"alignnone size-full wp-image-2669\" src=\"https:\/\/didactum.fr\/wp-content\/uploads\/2022\/08\/fleche-bas-white@3x.svg\" alt=\"Picto fl\u00e8che bas\"><\/p>\t\t\t\t\t\t\t\t<\/div>\n\t\t\t\t<\/div>\n\t\t\t\t\t<\/div>\n\t\t<\/div>\n\t\t\t\t\t<\/div>\n\t\t<\/section>\n\t\t\t\t<section class=\"elementor-section elementor-top-section elementor-element elementor-element-04624b1 elementor-section-boxed elementor-section-height-default elementor-section-height-default\" data-id=\"04624b1\" data-element_type=\"section\" data-e-type=\"section\" data-settings=\"{&quot;background_background&quot;:&quot;gradient&quot;}\">\n\t\t\t\t\t\t<div class=\"elementor-container elementor-column-gap-default\">\n\t\t\t\t\t<div class=\"elementor-column elementor-col-33 elementor-top-column elementor-element elementor-element-a80c338\" data-id=\"a80c338\" data-element_type=\"column\" data-e-type=\"column\">\n\t\t\t<div class=\"elementor-widget-wrap elementor-element-populated\">\n\t\t\t\t\t\t<div class=\"elementor-element elementor-element-28418e0 elementor-widget elementor-widget-text-editor\" data-id=\"28418e0\" data-element_type=\"widget\" data-e-type=\"widget\" data-widget_type=\"text-editor.default\">\n\t\t\t\t<div class=\"elementor-widget-container\">\n\t\t\t\t\t\t\t\t\t<h3><b>T\u00e9l\u00e9chargez nos guides pratiques<\/b><\/h3>\t\t\t\t\t\t\t\t<\/div>\n\t\t\t\t<\/div>\n\t\t\t\t\t<\/div>\n\t\t<\/div>\n\t\t\t\t<div class=\"elementor-column elementor-col-66 elementor-top-column elementor-element elementor-element-0dea24d\" data-id=\"0dea24d\" data-element_type=\"column\" data-e-type=\"column\">\n\t\t\t<div class=\"elementor-widget-wrap elementor-element-populated\">\n\t\t\t\t\t\t<div class=\"elementor-element elementor-element-c9a342e elementor-widget elementor-widget-image\" data-id=\"c9a342e\" data-element_type=\"widget\" data-e-type=\"widget\" data-widget_type=\"image.default\">\n\t\t\t\t<div class=\"elementor-widget-container\">\n\t\t\t\t\t\t\t\t\t\t\t\t\t\t\t<img fetchpriority=\"high\" decoding=\"async\" width=\"800\" height=\"800\" src=\"https:\/\/didactum.fr\/wp-content\/uploads\/2024\/05\/guides-pratiques-1024x1024.png\" class=\"attachment-large size-large wp-image-7491\" alt=\"guides pratiques\" srcset=\"https:\/\/didactum.fr\/wp-content\/uploads\/2024\/05\/guides-pratiques-1024x1024.png 1024w, https:\/\/didactum.fr\/wp-content\/uploads\/2024\/05\/guides-pratiques-300x300.png 300w, https:\/\/didactum.fr\/wp-content\/uploads\/2024\/05\/guides-pratiques-150x150.png 150w, https:\/\/didactum.fr\/wp-content\/uploads\/2024\/05\/guides-pratiques-768x768.png 768w, https:\/\/didactum.fr\/wp-content\/uploads\/2024\/05\/guides-pratiques.png 1080w\" sizes=\"(max-width: 800px) 100vw, 800px\" \/>\t\t\t\t\t\t\t\t\t\t\t\t\t\t\t<\/div>\n\t\t\t\t<\/div>\n\t\t\t\t\t<\/div>\n\t\t<\/div>\n\t\t\t\t\t<\/div>\n\t\t<\/section>\n\t\t\t\t<section class=\"elementor-section elementor-top-section elementor-element elementor-element-0b7a7de elementor-section-stretched elementor-section-boxed elementor-section-height-default elementor-section-height-default\" data-id=\"0b7a7de\" data-element_type=\"section\" data-e-type=\"section\" data-settings=\"{&quot;stretch_section&quot;:&quot;section-stretched&quot;,&quot;background_background&quot;:&quot;classic&quot;}\">\n\t\t\t\t\t\t\t<div class=\"elementor-background-overlay\"><\/div>\n\t\t\t\t\t\t\t<div class=\"elementor-container elementor-column-gap-default\">\n\t\t\t\t\t<div class=\"elementor-column elementor-col-100 elementor-top-column elementor-element elementor-element-73ef283\" data-id=\"73ef283\" data-element_type=\"column\" data-e-type=\"column\">\n\t\t\t<div class=\"elementor-widget-wrap elementor-element-populated\">\n\t\t\t\t\t\t<div class=\"elementor-element elementor-element-bb42db7 elementor-widget elementor-widget-text-editor\" data-id=\"bb42db7\" data-element_type=\"widget\" data-e-type=\"widget\" data-widget_type=\"text-editor.default\">\n\t\t\t\t<div class=\"elementor-widget-container\">\n\t\t\t\t\t\t\t\t\t<h3><strong>D&rsquo;autres guides pratiques sont en cours de r\u00e9daction&#8230;<\/strong><\/h3>\t\t\t\t\t\t\t\t<\/div>\n\t\t\t\t<\/div>\n\t\t\t\t<div class=\"elementor-element elementor-element-946e057 elementor-align-center elementor-widget elementor-widget-button\" data-id=\"946e057\" data-element_type=\"widget\" data-e-type=\"widget\" data-widget_type=\"button.default\">\n\t\t\t\t<div class=\"elementor-widget-container\">\n\t\t\t\t\t\t\t\t\t<div class=\"elementor-button-wrapper\">\n\t\t\t\t\t<a class=\"elementor-button elementor-button-link elementor-size-md\" href=\"#elementor-action%3Aaction%3Dpopup%3Aopen%26settings%3DeyJpZCI6NTM3NiwidG9nZ2xlIjpmYWxzZX0%3D\">\n\t\t\t\t\t\t<span class=\"elementor-button-content-wrapper\">\n\t\t\t\t\t\t\t\t\t<span class=\"elementor-button-text\">Avez-vous des suggestions ?<\/span>\n\t\t\t\t\t<\/span>\n\t\t\t\t\t<\/a>\n\t\t\t\t<\/div>\n\t\t\t\t\t\t\t\t<\/div>\n\t\t\t\t<\/div>\n\t\t\t\t\t<\/div>\n\t\t<\/div>\n\t\t\t\t\t<\/div>\n\t\t<\/section>\n\t\t\t\t<\/div>\n\t\t","protected":false},"excerpt":{"rendered":"<p>GUIDES PRATIQUES Des guides complets et structur\u00e9s, con\u00e7us pour une consultation rapide et efficace, afin d\u2019accompagner les \u00e9quipes SST dans leurs activit\u00e9s quotidiennes d\u2019information, de sensibilisation et de formation.Ils s\u2019adressent autant aux \u00e9quipes internes qu\u2019aux intervenants externes, et couvrent les enjeux li\u00e9s \u00e0 la sant\u00e9, \u00e0 la s\u00e9curit\u00e9 et \u00e0 l\u2019environnement. En savoir plus T\u00e9l\u00e9chargez [&hellip;]<\/p>\n","protected":false},"author":11,"featured_media":8985,"parent":0,"menu_order":0,"comment_status":"closed","ping_status":"closed","template":"","meta":{"_acf_changed":false,"footnotes":""},"class_list":["post-8984","page","type-page","status-publish","has-post-thumbnail","hentry"],"acf":[],"yoast_head":"<!-- This site is optimized with the Yoast SEO plugin v27.3 - https:\/\/yoast.com\/product\/yoast-seo-wordpress\/ -->\n<title>Guides pratiques SST<\/title>\n<meta name=\"description\" content=\"Des guides d\u00e9taill\u00e9s, structur\u00e9s pour une lecture rapide et efficace, pour accompagner les \u00e9quipes SST dans leur mission quotidienne.\" \/>\n<meta name=\"robots\" content=\"index, follow, max-snippet:-1, max-image-preview:large, max-video-preview:-1\" \/>\n<link rel=\"canonical\" href=\"https:\/\/didactum.fr\/fr-ca\/guides-pratiques-didactum\/\" \/>\n<meta property=\"og:locale\" content=\"fr_CA\" \/>\n<meta property=\"og:type\" content=\"article\" \/>\n<meta property=\"og:title\" content=\"Guides pratiques SST\" \/>\n<meta property=\"og:description\" content=\"Des guides d\u00e9taill\u00e9s, structur\u00e9s pour une lecture rapide et efficace, pour accompagner les \u00e9quipes SST dans leur mission quotidienne.\" \/>\n<meta property=\"og:url\" content=\"https:\/\/didactum.fr\/fr-ca\/guides-pratiques-didactum\/\" \/>\n<meta property=\"og:site_name\" content=\"Didactum\" \/>\n<meta property=\"article:modified_time\" content=\"2026-03-17T14:38:14+00:00\" \/>\n<meta property=\"og:image\" content=\"https:\/\/didactum.fr\/wp-content\/uploads\/2024\/05\/Visuel_web-1024x576.png\" \/>\n\t<meta property=\"og:image:width\" content=\"1024\" \/>\n\t<meta property=\"og:image:height\" content=\"576\" \/>\n\t<meta property=\"og:image:type\" content=\"image\/png\" \/>\n<meta name=\"twitter:card\" content=\"summary_large_image\" \/>\n<script type=\"application\/ld+json\" class=\"yoast-schema-graph\">{\"@context\":\"https:\\\/\\\/schema.org\",\"@graph\":[{\"@type\":\"WebPage\",\"@id\":\"https:\\\/\\\/didactum.fr\\\/fr-ca\\\/guides-pratiques-didactum\\\/\",\"url\":\"https:\\\/\\\/didactum.fr\\\/fr-ca\\\/guides-pratiques-didactum\\\/\",\"name\":\"Guides pratiques SST\",\"isPartOf\":{\"@id\":\"https:\\\/\\\/didactum.fr\\\/#website\"},\"primaryImageOfPage\":{\"@id\":\"https:\\\/\\\/didactum.fr\\\/fr-ca\\\/guides-pratiques-didactum\\\/#primaryimage\"},\"image\":{\"@id\":\"https:\\\/\\\/didactum.fr\\\/fr-ca\\\/guides-pratiques-didactum\\\/#primaryimage\"},\"thumbnailUrl\":\"https:\\\/\\\/didactum.fr\\\/wp-content\\\/uploads\\\/2024\\\/05\\\/Visuel_web.png\",\"datePublished\":\"2023-11-28T16:41:17+00:00\",\"dateModified\":\"2026-03-17T14:38:14+00:00\",\"description\":\"Des guides d\u00e9taill\u00e9s, structur\u00e9s pour une lecture rapide et efficace, pour accompagner les \u00e9quipes SST dans leur mission quotidienne.\",\"inLanguage\":\"fr-CA\",\"potentialAction\":[{\"@type\":\"ReadAction\",\"target\":[\"https:\\\/\\\/didactum.fr\\\/fr-ca\\\/guides-pratiques-didactum\\\/\"]}]},{\"@type\":\"ImageObject\",\"inLanguage\":\"fr-CA\",\"@id\":\"https:\\\/\\\/didactum.fr\\\/fr-ca\\\/guides-pratiques-didactum\\\/#primaryimage\",\"url\":\"https:\\\/\\\/didactum.fr\\\/wp-content\\\/uploads\\\/2024\\\/05\\\/Visuel_web.png\",\"contentUrl\":\"https:\\\/\\\/didactum.fr\\\/wp-content\\\/uploads\\\/2024\\\/05\\\/Visuel_web.png\",\"width\":1920,\"height\":1080},{\"@type\":\"WebSite\",\"@id\":\"https:\\\/\\\/didactum.fr\\\/#website\",\"url\":\"https:\\\/\\\/didactum.fr\\\/\",\"name\":\"Didactum\",\"description\":\"\",\"publisher\":{\"@id\":\"https:\\\/\\\/didactum.fr\\\/#organization\"},\"potentialAction\":[{\"@type\":\"SearchAction\",\"target\":{\"@type\":\"EntryPoint\",\"urlTemplate\":\"https:\\\/\\\/didactum.fr\\\/?s={search_term_string}\"},\"query-input\":{\"@type\":\"PropertyValueSpecification\",\"valueRequired\":true,\"valueName\":\"search_term_string\"}}],\"inLanguage\":\"fr-CA\"},{\"@type\":\"Organization\",\"@id\":\"https:\\\/\\\/didactum.fr\\\/#organization\",\"name\":\"Didactum\",\"url\":\"https:\\\/\\\/didactum.fr\\\/\",\"logo\":{\"@type\":\"ImageObject\",\"inLanguage\":\"fr-CA\",\"@id\":\"https:\\\/\\\/didactum.fr\\\/#\\\/schema\\\/logo\\\/image\\\/\",\"url\":\"https:\\\/\\\/didactum.fr\\\/wp-content\\\/uploads\\\/2021\\\/01\\\/Didactum-logo.png\",\"contentUrl\":\"https:\\\/\\\/didactum.fr\\\/wp-content\\\/uploads\\\/2021\\\/01\\\/Didactum-logo.png\",\"width\":588,\"height\":165,\"caption\":\"Didactum\"},\"image\":{\"@id\":\"https:\\\/\\\/didactum.fr\\\/#\\\/schema\\\/logo\\\/image\\\/\"},\"sameAs\":[\"https:\\\/\\\/www.linkedin.com\\\/company\\\/didactumformation\\\/\"]}]}<\/script>\n<!-- \/ Yoast SEO plugin. -->","yoast_head_json":{"title":"Guides pratiques SST","description":"Des guides d\u00e9taill\u00e9s, structur\u00e9s pour une lecture rapide et efficace, pour accompagner les \u00e9quipes SST dans leur mission quotidienne.","robots":{"index":"index","follow":"follow","max-snippet":"max-snippet:-1","max-image-preview":"max-image-preview:large","max-video-preview":"max-video-preview:-1"},"canonical":"https:\/\/didactum.fr\/fr-ca\/guides-pratiques-didactum\/","og_locale":"fr_CA","og_type":"article","og_title":"Guides pratiques SST","og_description":"Des guides d\u00e9taill\u00e9s, structur\u00e9s pour une lecture rapide et efficace, pour accompagner les \u00e9quipes SST dans leur mission quotidienne.","og_url":"https:\/\/didactum.fr\/fr-ca\/guides-pratiques-didactum\/","og_site_name":"Didactum","article_modified_time":"2026-03-17T14:38:14+00:00","og_image":[{"width":1024,"height":576,"url":"https:\/\/didactum.fr\/wp-content\/uploads\/2024\/05\/Visuel_web-1024x576.png","type":"image\/png"}],"twitter_card":"summary_large_image","schema":{"@context":"https:\/\/schema.org","@graph":[{"@type":"WebPage","@id":"https:\/\/didactum.fr\/fr-ca\/guides-pratiques-didactum\/","url":"https:\/\/didactum.fr\/fr-ca\/guides-pratiques-didactum\/","name":"Guides pratiques SST","isPartOf":{"@id":"https:\/\/didactum.fr\/#website"},"primaryImageOfPage":{"@id":"https:\/\/didactum.fr\/fr-ca\/guides-pratiques-didactum\/#primaryimage"},"image":{"@id":"https:\/\/didactum.fr\/fr-ca\/guides-pratiques-didactum\/#primaryimage"},"thumbnailUrl":"https:\/\/didactum.fr\/wp-content\/uploads\/2024\/05\/Visuel_web.png","datePublished":"2023-11-28T16:41:17+00:00","dateModified":"2026-03-17T14:38:14+00:00","description":"Des guides d\u00e9taill\u00e9s, structur\u00e9s pour une lecture rapide et efficace, pour accompagner les \u00e9quipes SST dans leur mission quotidienne.","inLanguage":"fr-CA","potentialAction":[{"@type":"ReadAction","target":["https:\/\/didactum.fr\/fr-ca\/guides-pratiques-didactum\/"]}]},{"@type":"ImageObject","inLanguage":"fr-CA","@id":"https:\/\/didactum.fr\/fr-ca\/guides-pratiques-didactum\/#primaryimage","url":"https:\/\/didactum.fr\/wp-content\/uploads\/2024\/05\/Visuel_web.png","contentUrl":"https:\/\/didactum.fr\/wp-content\/uploads\/2024\/05\/Visuel_web.png","width":1920,"height":1080},{"@type":"WebSite","@id":"https:\/\/didactum.fr\/#website","url":"https:\/\/didactum.fr\/","name":"Didactum","description":"","publisher":{"@id":"https:\/\/didactum.fr\/#organization"},"potentialAction":[{"@type":"SearchAction","target":{"@type":"EntryPoint","urlTemplate":"https:\/\/didactum.fr\/?s={search_term_string}"},"query-input":{"@type":"PropertyValueSpecification","valueRequired":true,"valueName":"search_term_string"}}],"inLanguage":"fr-CA"},{"@type":"Organization","@id":"https:\/\/didactum.fr\/#organization","name":"Didactum","url":"https:\/\/didactum.fr\/","logo":{"@type":"ImageObject","inLanguage":"fr-CA","@id":"https:\/\/didactum.fr\/#\/schema\/logo\/image\/","url":"https:\/\/didactum.fr\/wp-content\/uploads\/2021\/01\/Didactum-logo.png","contentUrl":"https:\/\/didactum.fr\/wp-content\/uploads\/2021\/01\/Didactum-logo.png","width":588,"height":165,"caption":"Didactum"},"image":{"@id":"https:\/\/didactum.fr\/#\/schema\/logo\/image\/"},"sameAs":["https:\/\/www.linkedin.com\/company\/didactumformation\/"]}]}},"_links":{"self":[{"href":"https:\/\/didactum.fr\/fr-ca\/wp-json\/wp\/v2\/pages\/8984","targetHints":{"allow":["GET"]}}],"collection":[{"href":"https:\/\/didactum.fr\/fr-ca\/wp-json\/wp\/v2\/pages"}],"about":[{"href":"https:\/\/didactum.fr\/fr-ca\/wp-json\/wp\/v2\/types\/page"}],"author":[{"embeddable":true,"href":"https:\/\/didactum.fr\/fr-ca\/wp-json\/wp\/v2\/users\/11"}],"replies":[{"embeddable":true,"href":"https:\/\/didactum.fr\/fr-ca\/wp-json\/wp\/v2\/comments?post=8984"}],"version-history":[{"count":1,"href":"https:\/\/didactum.fr\/fr-ca\/wp-json\/wp\/v2\/pages\/8984\/revisions"}],"predecessor-version":[{"id":8986,"href":"https:\/\/didactum.fr\/fr-ca\/wp-json\/wp\/v2\/pages\/8984\/revisions\/8986"}],"wp:featuredmedia":[{"embeddable":true,"href":"https:\/\/didactum.fr\/fr-ca\/wp-json\/wp\/v2\/media\/8985"}],"wp:attachment":[{"href":"https:\/\/didactum.fr\/fr-ca\/wp-json\/wp\/v2\/media?parent=8984"}],"curies":[{"name":"wp","href":"https:\/\/api.w.org\/{rel}","templated":true}]}}