{"id":8982,"date":"2023-10-17T12:33:26","date_gmt":"2023-10-17T10:33:26","guid":{"rendered":"https:\/\/didactum.fr\/fiches-techniques\/"},"modified":"2026-04-17T16:31:56","modified_gmt":"2026-04-17T14:31:56","slug":"fiches-techniques","status":"publish","type":"page","link":"https:\/\/didactum.fr\/fr-ca\/fiches-techniques\/","title":{"rendered":"Fiches Techniques"},"content":{"rendered":"\t\t<div data-elementor-type=\"wp-page\" data-elementor-id=\"8982\" class=\"elementor elementor-8982 elementor-5181\" data-elementor-post-type=\"page\">\n\t\t\t\t\t\t<section class=\"elementor-section elementor-top-section elementor-element elementor-element-3fa9f9d elementor-section-height-min-height elementor-section-boxed elementor-section-height-default elementor-section-items-middle\" data-id=\"3fa9f9d\" data-element_type=\"section\" data-e-type=\"section\" data-settings=\"{&quot;background_background&quot;:&quot;classic&quot;}\">\n\t\t\t\t\t\t\t<div class=\"elementor-background-overlay\"><\/div>\n\t\t\t\t\t\t\t<div class=\"elementor-container elementor-column-gap-default\">\n\t\t\t\t\t<div class=\"elementor-column elementor-col-100 elementor-top-column elementor-element elementor-element-790984c\" data-id=\"790984c\" data-element_type=\"column\" data-e-type=\"column\">\n\t\t\t<div class=\"elementor-widget-wrap elementor-element-populated\">\n\t\t\t\t\t\t<div class=\"elementor-element elementor-element-00695e6 header-txt elementor-widget elementor-widget-heading\" data-id=\"00695e6\" data-element_type=\"widget\" data-e-type=\"widget\" data-widget_type=\"heading.default\">\n\t\t\t\t<div class=\"elementor-widget-container\">\n\t\t\t\t\t<p class=\"elementor-heading-title elementor-size-default\">FICHES TECHNIQUES<\/p>\t\t\t\t<\/div>\n\t\t\t\t<\/div>\n\t\t\t\t<div class=\"elementor-element elementor-element-d268cdb elementor-widget elementor-widget-text-editor\" data-id=\"d268cdb\" data-element_type=\"widget\" data-e-type=\"widget\" data-widget_type=\"text-editor.default\">\n\t\t\t\t<div class=\"elementor-widget-container\">\n\t\t\t\t\t\t\t\t\t<h4>Des fiches claires et rapides \u00e0 consulter pour vous accompagner dans la num\u00e9risation de vos formations aupr\u00e8s de vos employ\u00e9s, directement sur le terrain, sur des th\u00e9matiques SST et li\u00e9es aux comp\u00e9tences m\u00e9tier.<\/h4>\t\t\t\t\t\t\t\t<\/div>\n\t\t\t\t<\/div>\n\t\t\t\t<div class=\"elementor-element elementor-element-9027975 elementor-widget elementor-widget-text-editor\" data-id=\"9027975\" data-element_type=\"widget\" data-e-type=\"widget\" data-widget_type=\"text-editor.default\">\n\t\t\t\t<div class=\"elementor-widget-container\">\n\t\t\t\t\t\t\t\t\t<p>En savoir plus<\/p><p> <\/p><p> <\/p><p><img decoding=\"async\" class=\"alignnone size-full wp-image-2669\" src=\"https:\/\/didactum.fr\/wp-content\/uploads\/2022\/08\/fleche-bas-white@3x.svg\" alt=\"Picto fl\u00e8che bas\"><\/p>\t\t\t\t\t\t\t\t<\/div>\n\t\t\t\t<\/div>\n\t\t\t\t\t<\/div>\n\t\t<\/div>\n\t\t\t\t\t<\/div>\n\t\t<\/section>\n\t\t\t\t<section class=\"elementor-section elementor-top-section elementor-element elementor-element-04624b1 elementor-section-boxed elementor-section-height-default elementor-section-height-default\" data-id=\"04624b1\" data-element_type=\"section\" data-e-type=\"section\" data-settings=\"{&quot;background_background&quot;:&quot;gradient&quot;}\">\n\t\t\t\t\t\t<div class=\"elementor-container elementor-column-gap-default\">\n\t\t\t\t\t<div class=\"elementor-column elementor-col-100 elementor-top-column elementor-element elementor-element-a80c338\" data-id=\"a80c338\" data-element_type=\"column\" data-e-type=\"column\">\n\t\t\t<div class=\"elementor-widget-wrap elementor-element-populated\">\n\t\t\t\t\t\t<div class=\"elementor-element elementor-element-28418e0 elementor-widget elementor-widget-text-editor\" data-id=\"28418e0\" data-element_type=\"widget\" data-e-type=\"widget\" data-widget_type=\"text-editor.default\">\n\t\t\t\t<div class=\"elementor-widget-container\">\n\t\t\t\t\t\t\t\t\t<h3><b>T\u00e9l\u00e9chargez nos fiches gratuites<\/b><\/h3>\t\t\t\t\t\t\t\t<\/div>\n\t\t\t\t<\/div>\n\t\t\t\t\t<\/div>\n\t\t<\/div>\n\t\t\t\t\t<\/div>\n\t\t<\/section>\n\t\t\t\t<section class=\"elementor-section elementor-top-section elementor-element elementor-element-0b7a7de elementor-section-stretched elementor-section-boxed elementor-section-height-default elementor-section-height-default\" data-id=\"0b7a7de\" data-element_type=\"section\" data-e-type=\"section\" data-settings=\"{&quot;stretch_section&quot;:&quot;section-stretched&quot;,&quot;background_background&quot;:&quot;classic&quot;}\">\n\t\t\t\t\t\t\t<div class=\"elementor-background-overlay\"><\/div>\n\t\t\t\t\t\t\t<div class=\"elementor-container elementor-column-gap-default\">\n\t\t\t\t\t<div class=\"elementor-column elementor-col-100 elementor-top-column elementor-element elementor-element-73ef283\" data-id=\"73ef283\" data-element_type=\"column\" data-e-type=\"column\">\n\t\t\t<div class=\"elementor-widget-wrap elementor-element-populated\">\n\t\t\t\t\t\t<div class=\"elementor-element elementor-element-bb42db7 elementor-widget elementor-widget-text-editor\" data-id=\"bb42db7\" data-element_type=\"widget\" data-e-type=\"widget\" data-widget_type=\"text-editor.default\">\n\t\t\t\t<div class=\"elementor-widget-container\">\n\t\t\t\t\t\t\t\t\t<h3><strong>D&rsquo;autres fiches sont en cours de r\u00e9daction&#8230;<\/strong><\/h3>\t\t\t\t\t\t\t\t<\/div>\n\t\t\t\t<\/div>\n\t\t\t\t<div class=\"elementor-element elementor-element-946e057 elementor-align-center elementor-widget elementor-widget-button\" data-id=\"946e057\" data-element_type=\"widget\" data-e-type=\"widget\" data-widget_type=\"button.default\">\n\t\t\t\t<div class=\"elementor-widget-container\">\n\t\t\t\t\t\t\t\t\t<div class=\"elementor-button-wrapper\">\n\t\t\t\t\t<a class=\"elementor-button elementor-button-link elementor-size-md\" href=\"#elementor-action%3Aaction%3Dpopup%3Aopen%26settings%3DeyJpZCI6NTM3NiwidG9nZ2xlIjpmYWxzZX0%3D\">\n\t\t\t\t\t\t<span class=\"elementor-button-content-wrapper\">\n\t\t\t\t\t\t\t\t\t<span class=\"elementor-button-text\">Avez-vous des suggestions ?<\/span>\n\t\t\t\t\t<\/span>\n\t\t\t\t\t<\/a>\n\t\t\t\t<\/div>\n\t\t\t\t\t\t\t\t<\/div>\n\t\t\t\t<\/div>\n\t\t\t\t\t<\/div>\n\t\t<\/div>\n\t\t\t\t\t<\/div>\n\t\t<\/section>\n\t\t\t\t<\/div>\n\t\t","protected":false},"excerpt":{"rendered":"<p>FICHES TECHNIQUES Des fiches claires et rapides \u00e0 consulter pour vous accompagner dans la num\u00e9risation de vos formations aupr\u00e8s de vos employ\u00e9s, directement sur le terrain, sur des th\u00e9matiques SST et li\u00e9es aux comp\u00e9tences m\u00e9tier. En savoir plus T\u00e9l\u00e9chargez nos fiches gratuites D&rsquo;autres fiches sont en cours de r\u00e9daction&#8230; Avez-vous des suggestions ?<\/p>\n","protected":false},"author":11,"featured_media":8980,"parent":0,"menu_order":0,"comment_status":"closed","ping_status":"closed","template":"","meta":{"_acf_changed":false,"footnotes":""},"class_list":["post-8982","page","type-page","status-publish","has-post-thumbnail","hentry"],"acf":[],"yoast_head":"<!-- This site is optimized with the Yoast SEO plugin v27.3 - https:\/\/yoast.com\/product\/yoast-seo-wordpress\/ -->\n<title>Num\u00e9risation formation, cr\u00e9ation e-learning de contenus l Didactum<\/title>\n<meta name=\"description\" content=\"Num\u00e9risation formation : formez vos collaborateurs \u00e0 distance aux m\u00e9tiers de votre entreprise, o\u00f9 qu\u2019ils soient et de fa\u00e7on didactique !\" \/>\n<meta name=\"robots\" content=\"index, follow, max-snippet:-1, max-image-preview:large, max-video-preview:-1\" \/>\n<link rel=\"canonical\" href=\"https:\/\/didactum.fr\/fr-ca\/fiches-techniques\/\" \/>\n<meta property=\"og:locale\" content=\"fr_CA\" \/>\n<meta property=\"og:type\" content=\"article\" \/>\n<meta property=\"og:title\" content=\"Num\u00e9risation formation, cr\u00e9ation e-learning de contenus l Didactum\" \/>\n<meta property=\"og:description\" content=\"Num\u00e9risation formation : formez vos collaborateurs \u00e0 distance aux m\u00e9tiers de votre entreprise, o\u00f9 qu\u2019ils soient et de fa\u00e7on didactique !\" \/>\n<meta property=\"og:url\" content=\"https:\/\/didactum.fr\/fr-ca\/fiches-techniques\/\" \/>\n<meta property=\"og:site_name\" content=\"Didactum\" \/>\n<meta property=\"article:modified_time\" content=\"2026-04-17T14:31:56+00:00\" \/>\n<meta property=\"og:image\" content=\"https:\/\/didactum.fr\/wp-content\/uploads\/2022\/09\/header_competencemetier_x2@2x.png\" \/>\n\t<meta property=\"og:image:width\" content=\"1440\" \/>\n\t<meta property=\"og:image:height\" content=\"750\" \/>\n\t<meta property=\"og:image:type\" content=\"image\/png\" \/>\n<meta name=\"twitter:card\" content=\"summary_large_image\" \/>\n<meta name=\"twitter:label1\" content=\"Estimation du temps de lecture\" \/>\n\t<meta name=\"twitter:data1\" content=\"1 minute\" \/>\n<script type=\"application\/ld+json\" class=\"yoast-schema-graph\">{\"@context\":\"https:\\\/\\\/schema.org\",\"@graph\":[{\"@type\":\"WebPage\",\"@id\":\"https:\\\/\\\/didactum.fr\\\/fr-ca\\\/fiches-techniques\\\/\",\"url\":\"https:\\\/\\\/didactum.fr\\\/fr-ca\\\/fiches-techniques\\\/\",\"name\":\"Num\u00e9risation formation, cr\u00e9ation e-learning de contenus l Didactum\",\"isPartOf\":{\"@id\":\"https:\\\/\\\/didactum.fr\\\/#website\"},\"primaryImageOfPage\":{\"@id\":\"https:\\\/\\\/didactum.fr\\\/fr-ca\\\/fiches-techniques\\\/#primaryimage\"},\"image\":{\"@id\":\"https:\\\/\\\/didactum.fr\\\/fr-ca\\\/fiches-techniques\\\/#primaryimage\"},\"thumbnailUrl\":\"https:\\\/\\\/didactum.fr\\\/wp-content\\\/uploads\\\/2022\\\/09\\\/header_competencemetier_x2@2x.png\",\"datePublished\":\"2023-10-17T10:33:26+00:00\",\"dateModified\":\"2026-04-17T14:31:56+00:00\",\"description\":\"Num\u00e9risation formation : formez vos collaborateurs \u00e0 distance aux m\u00e9tiers de votre entreprise, o\u00f9 qu\u2019ils soient et de fa\u00e7on didactique !\",\"inLanguage\":\"fr-CA\",\"potentialAction\":[{\"@type\":\"ReadAction\",\"target\":[\"https:\\\/\\\/didactum.fr\\\/fr-ca\\\/fiches-techniques\\\/\"]}]},{\"@type\":\"ImageObject\",\"inLanguage\":\"fr-CA\",\"@id\":\"https:\\\/\\\/didactum.fr\\\/fr-ca\\\/fiches-techniques\\\/#primaryimage\",\"url\":\"https:\\\/\\\/didactum.fr\\\/wp-content\\\/uploads\\\/2022\\\/09\\\/header_competencemetier_x2@2x.png\",\"contentUrl\":\"https:\\\/\\\/didactum.fr\\\/wp-content\\\/uploads\\\/2022\\\/09\\\/header_competencemetier_x2@2x.png\",\"width\":1440,\"height\":750},{\"@type\":\"WebSite\",\"@id\":\"https:\\\/\\\/didactum.fr\\\/#website\",\"url\":\"https:\\\/\\\/didactum.fr\\\/\",\"name\":\"Didactum\",\"description\":\"\",\"publisher\":{\"@id\":\"https:\\\/\\\/didactum.fr\\\/#organization\"},\"potentialAction\":[{\"@type\":\"SearchAction\",\"target\":{\"@type\":\"EntryPoint\",\"urlTemplate\":\"https:\\\/\\\/didactum.fr\\\/?s={search_term_string}\"},\"query-input\":{\"@type\":\"PropertyValueSpecification\",\"valueRequired\":true,\"valueName\":\"search_term_string\"}}],\"inLanguage\":\"fr-CA\"},{\"@type\":\"Organization\",\"@id\":\"https:\\\/\\\/didactum.fr\\\/#organization\",\"name\":\"Didactum\",\"url\":\"https:\\\/\\\/didactum.fr\\\/\",\"logo\":{\"@type\":\"ImageObject\",\"inLanguage\":\"fr-CA\",\"@id\":\"https:\\\/\\\/didactum.fr\\\/#\\\/schema\\\/logo\\\/image\\\/\",\"url\":\"https:\\\/\\\/didactum.fr\\\/wp-content\\\/uploads\\\/2021\\\/01\\\/Didactum-logo.png\",\"contentUrl\":\"https:\\\/\\\/didactum.fr\\\/wp-content\\\/uploads\\\/2021\\\/01\\\/Didactum-logo.png\",\"width\":588,\"height\":165,\"caption\":\"Didactum\"},\"image\":{\"@id\":\"https:\\\/\\\/didactum.fr\\\/#\\\/schema\\\/logo\\\/image\\\/\"},\"sameAs\":[\"https:\\\/\\\/www.linkedin.com\\\/company\\\/didactumformation\\\/\"]}]}<\/script>\n<!-- \/ Yoast SEO plugin. -->","yoast_head_json":{"title":"Num\u00e9risation formation, cr\u00e9ation e-learning de contenus l Didactum","description":"Num\u00e9risation formation : formez vos collaborateurs \u00e0 distance aux m\u00e9tiers de votre entreprise, o\u00f9 qu\u2019ils soient et de fa\u00e7on didactique !","robots":{"index":"index","follow":"follow","max-snippet":"max-snippet:-1","max-image-preview":"max-image-preview:large","max-video-preview":"max-video-preview:-1"},"canonical":"https:\/\/didactum.fr\/fr-ca\/fiches-techniques\/","og_locale":"fr_CA","og_type":"article","og_title":"Num\u00e9risation formation, cr\u00e9ation e-learning de contenus l Didactum","og_description":"Num\u00e9risation formation : formez vos collaborateurs \u00e0 distance aux m\u00e9tiers de votre entreprise, o\u00f9 qu\u2019ils soient et de fa\u00e7on didactique !","og_url":"https:\/\/didactum.fr\/fr-ca\/fiches-techniques\/","og_site_name":"Didactum","article_modified_time":"2026-04-17T14:31:56+00:00","og_image":[{"width":1440,"height":750,"url":"https:\/\/didactum.fr\/wp-content\/uploads\/2022\/09\/header_competencemetier_x2@2x.png","type":"image\/png"}],"twitter_card":"summary_large_image","twitter_misc":{"Estimation du temps de lecture":"1 minute"},"schema":{"@context":"https:\/\/schema.org","@graph":[{"@type":"WebPage","@id":"https:\/\/didactum.fr\/fr-ca\/fiches-techniques\/","url":"https:\/\/didactum.fr\/fr-ca\/fiches-techniques\/","name":"Num\u00e9risation formation, cr\u00e9ation e-learning de contenus l Didactum","isPartOf":{"@id":"https:\/\/didactum.fr\/#website"},"primaryImageOfPage":{"@id":"https:\/\/didactum.fr\/fr-ca\/fiches-techniques\/#primaryimage"},"image":{"@id":"https:\/\/didactum.fr\/fr-ca\/fiches-techniques\/#primaryimage"},"thumbnailUrl":"https:\/\/didactum.fr\/wp-content\/uploads\/2022\/09\/header_competencemetier_x2@2x.png","datePublished":"2023-10-17T10:33:26+00:00","dateModified":"2026-04-17T14:31:56+00:00","description":"Num\u00e9risation formation : formez vos collaborateurs \u00e0 distance aux m\u00e9tiers de votre entreprise, o\u00f9 qu\u2019ils soient et de fa\u00e7on didactique !","inLanguage":"fr-CA","potentialAction":[{"@type":"ReadAction","target":["https:\/\/didactum.fr\/fr-ca\/fiches-techniques\/"]}]},{"@type":"ImageObject","inLanguage":"fr-CA","@id":"https:\/\/didactum.fr\/fr-ca\/fiches-techniques\/#primaryimage","url":"https:\/\/didactum.fr\/wp-content\/uploads\/2022\/09\/header_competencemetier_x2@2x.png","contentUrl":"https:\/\/didactum.fr\/wp-content\/uploads\/2022\/09\/header_competencemetier_x2@2x.png","width":1440,"height":750},{"@type":"WebSite","@id":"https:\/\/didactum.fr\/#website","url":"https:\/\/didactum.fr\/","name":"Didactum","description":"","publisher":{"@id":"https:\/\/didactum.fr\/#organization"},"potentialAction":[{"@type":"SearchAction","target":{"@type":"EntryPoint","urlTemplate":"https:\/\/didactum.fr\/?s={search_term_string}"},"query-input":{"@type":"PropertyValueSpecification","valueRequired":true,"valueName":"search_term_string"}}],"inLanguage":"fr-CA"},{"@type":"Organization","@id":"https:\/\/didactum.fr\/#organization","name":"Didactum","url":"https:\/\/didactum.fr\/","logo":{"@type":"ImageObject","inLanguage":"fr-CA","@id":"https:\/\/didactum.fr\/#\/schema\/logo\/image\/","url":"https:\/\/didactum.fr\/wp-content\/uploads\/2021\/01\/Didactum-logo.png","contentUrl":"https:\/\/didactum.fr\/wp-content\/uploads\/2021\/01\/Didactum-logo.png","width":588,"height":165,"caption":"Didactum"},"image":{"@id":"https:\/\/didactum.fr\/#\/schema\/logo\/image\/"},"sameAs":["https:\/\/www.linkedin.com\/company\/didactumformation\/"]}]}},"_links":{"self":[{"href":"https:\/\/didactum.fr\/fr-ca\/wp-json\/wp\/v2\/pages\/8982","targetHints":{"allow":["GET"]}}],"collection":[{"href":"https:\/\/didactum.fr\/fr-ca\/wp-json\/wp\/v2\/pages"}],"about":[{"href":"https:\/\/didactum.fr\/fr-ca\/wp-json\/wp\/v2\/types\/page"}],"author":[{"embeddable":true,"href":"https:\/\/didactum.fr\/fr-ca\/wp-json\/wp\/v2\/users\/11"}],"replies":[{"embeddable":true,"href":"https:\/\/didactum.fr\/fr-ca\/wp-json\/wp\/v2\/comments?post=8982"}],"version-history":[{"count":4,"href":"https:\/\/didactum.fr\/fr-ca\/wp-json\/wp\/v2\/pages\/8982\/revisions"}],"predecessor-version":[{"id":9456,"href":"https:\/\/didactum.fr\/fr-ca\/wp-json\/wp\/v2\/pages\/8982\/revisions\/9456"}],"wp:featuredmedia":[{"embeddable":true,"href":"https:\/\/didactum.fr\/fr-ca\/wp-json\/wp\/v2\/media\/8980"}],"wp:attachment":[{"href":"https:\/\/didactum.fr\/fr-ca\/wp-json\/wp\/v2\/media?parent=8982"}],"curies":[{"name":"wp","href":"https:\/\/api.w.org\/{rel}","templated":true}]}}