{"id":8979,"date":"2023-10-30T17:14:01","date_gmt":"2023-10-30T16:14:01","guid":{"rendered":"https:\/\/didactum.fr\/evenements\/"},"modified":"2026-04-17T15:39:25","modified_gmt":"2026-04-17T13:39:25","slug":"evenements","status":"publish","type":"page","link":"https:\/\/didactum.fr\/fr-ca\/evenements\/","title":{"rendered":"\u00c9v\u00e9nements"},"content":{"rendered":"\t\t<div data-elementor-type=\"wp-page\" data-elementor-id=\"8979\" class=\"elementor elementor-8979 elementor-5776\" data-elementor-post-type=\"page\">\n\t\t\t\t\t\t<section class=\"elementor-section elementor-top-section elementor-element elementor-element-3fa9f9d elementor-section-height-min-height elementor-section-boxed elementor-section-height-default elementor-section-items-middle\" data-id=\"3fa9f9d\" data-element_type=\"section\" data-e-type=\"section\" data-settings=\"{&quot;background_background&quot;:&quot;classic&quot;}\">\n\t\t\t\t\t\t\t<div class=\"elementor-background-overlay\"><\/div>\n\t\t\t\t\t\t\t<div class=\"elementor-container elementor-column-gap-default\">\n\t\t\t\t\t<div class=\"elementor-column elementor-col-100 elementor-top-column elementor-element elementor-element-790984c\" data-id=\"790984c\" data-element_type=\"column\" data-e-type=\"column\">\n\t\t\t<div class=\"elementor-widget-wrap elementor-element-populated\">\n\t\t\t\t\t\t<div class=\"elementor-element elementor-element-00695e6 header-txt elementor-widget elementor-widget-heading\" data-id=\"00695e6\" data-element_type=\"widget\" data-e-type=\"widget\" data-widget_type=\"heading.default\">\n\t\t\t\t<div class=\"elementor-widget-container\">\n\t\t\t\t\t<p class=\"elementor-heading-title elementor-size-default\">\u00c9v\u00e9nements<\/p>\t\t\t\t<\/div>\n\t\t\t\t<\/div>\n\t\t\t\t<div class=\"elementor-element elementor-element-d268cdb elementor-widget elementor-widget-text-editor\" data-id=\"d268cdb\" data-element_type=\"widget\" data-e-type=\"widget\" data-widget_type=\"text-editor.default\">\n\t\t\t\t<div class=\"elementor-widget-container\">\n\t\t\t\t\t\t\t\t\t<h2>Les webinaires didactum<\/h2>\n<h4>Participez gratuitement \u00e0 des webinaires anim\u00e9s par des experts en num\u00e9risation de vos processus de formation SST, accueils s\u00e9curit\u00e9 et formations m\u00e9tier.\n<\/h4>\t\t\t\t\t\t\t\t<\/div>\n\t\t\t\t<\/div>\n\t\t\t\t<div class=\"elementor-element elementor-element-9027975 elementor-hidden-tablet elementor-hidden-mobile elementor-widget elementor-widget-text-editor\" data-id=\"9027975\" data-element_type=\"widget\" data-e-type=\"widget\" data-widget_type=\"text-editor.default\">\n\t\t\t\t<div class=\"elementor-widget-container\">\n\t\t\t\t\t\t\t\t\t<p>Prochainement<\/p><p><br><img decoding=\"async\" class=\"alignnone size-full wp-image-2669\" src=\"https:\/\/didactum.fr\/wp-content\/uploads\/2022\/08\/fleche-bas-white@3x.svg\" alt=\"Picto fl\u00e8che bas\"><\/p>\t\t\t\t\t\t\t\t<\/div>\n\t\t\t\t<\/div>\n\t\t\t\t<div class=\"elementor-element elementor-element-16fc5df elementor-hidden-desktop elementor-widget elementor-widget-text-editor\" data-id=\"16fc5df\" data-element_type=\"widget\" data-e-type=\"widget\" data-widget_type=\"text-editor.default\">\n\t\t\t\t<div class=\"elementor-widget-container\">\n\t\t\t\t\t\t\t\t\tProchainement\n\t\t\t\t\t\t\t\t<\/div>\n\t\t\t\t<\/div>\n\t\t\t\t<div class=\"elementor-element elementor-element-38a6465 elementor-pagination-type-bullets elementor-arrows-position-inside elementor-pagination-position-outside elementor-widget elementor-widget-loop-carousel\" data-id=\"38a6465\" data-element_type=\"widget\" data-e-type=\"widget\" data-settings=\"{&quot;template_id&quot;:6577,&quot;autoplay_speed&quot;:8000,&quot;speed&quot;:1000,&quot;_skin&quot;:&quot;post&quot;,&quot;edit_handle_selector&quot;:&quot;.elementor-loop-container&quot;,&quot;autoplay&quot;:&quot;yes&quot;,&quot;pause_on_hover&quot;:&quot;yes&quot;,&quot;pause_on_interaction&quot;:&quot;yes&quot;,&quot;infinite&quot;:&quot;yes&quot;,&quot;offset_sides&quot;:&quot;none&quot;,&quot;arrows&quot;:&quot;yes&quot;,&quot;pagination&quot;:&quot;bullets&quot;,&quot;image_spacing_custom&quot;:{&quot;unit&quot;:&quot;px&quot;,&quot;size&quot;:10,&quot;sizes&quot;:[]},&quot;image_spacing_custom_tablet&quot;:{&quot;unit&quot;:&quot;px&quot;,&quot;size&quot;:&quot;&quot;,&quot;sizes&quot;:[]},&quot;image_spacing_custom_mobile&quot;:{&quot;unit&quot;:&quot;px&quot;,&quot;size&quot;:&quot;&quot;,&quot;sizes&quot;:[]}}\" data-widget_type=\"loop-carousel.post\">\n\t\t\t\t<div class=\"elementor-widget-container\">\n\t\t\t\t\t\t\t<div class=\"e-loop-nothing-found-message\">\n\t\t<\/div>\n\t\t\t\t\t\t<\/div>\n\t\t\t\t<\/div>\n\t\t\t\t\t<\/div>\n\t\t<\/div>\n\t\t\t\t\t<\/div>\n\t\t<\/section>\n\t\t\t\t<section class=\"elementor-section elementor-top-section elementor-element elementor-element-ee3aa93 elementor-section-boxed elementor-section-height-default elementor-section-height-default\" data-id=\"ee3aa93\" data-element_type=\"section\" data-e-type=\"section\" data-settings=\"{&quot;background_background&quot;:&quot;classic&quot;}\">\n\t\t\t\t\t\t<div class=\"elementor-container elementor-column-gap-default\">\n\t\t\t\t\t<div class=\"elementor-column elementor-col-100 elementor-top-column elementor-element elementor-element-bf6b6d6\" data-id=\"bf6b6d6\" data-element_type=\"column\" data-e-type=\"column\">\n\t\t\t<div class=\"elementor-widget-wrap elementor-element-populated\">\n\t\t\t\t\t\t<div class=\"elementor-element elementor-element-b551ef3 elementor-widget elementor-widget-text-editor\" data-id=\"b551ef3\" data-element_type=\"widget\" data-e-type=\"widget\" data-widget_type=\"text-editor.default\">\n\t\t\t\t<div class=\"elementor-widget-container\">\n\t\t\t\t\t\t\t\t\t<h3><b>Vous avez manqu\u00e9 un webinaire m\u00e9tier ou une Masterclass ?<\/b><\/h3>\t\t\t\t\t\t\t\t<\/div>\n\t\t\t\t<\/div>\n\t\t\t\t<div class=\"elementor-element elementor-element-f6eef6b elementor-grid-3 elementor-grid-tablet-2 elementor-grid-mobile-1 elementor-widget elementor-widget-loop-grid\" data-id=\"f6eef6b\" data-element_type=\"widget\" data-e-type=\"widget\" data-settings=\"{&quot;template_id&quot;:5839,&quot;_skin&quot;:&quot;post&quot;,&quot;columns&quot;:&quot;3&quot;,&quot;columns_tablet&quot;:&quot;2&quot;,&quot;columns_mobile&quot;:&quot;1&quot;,&quot;edit_handle_selector&quot;:&quot;[data-elementor-type=\\&quot;loop-item\\&quot;]&quot;,&quot;row_gap&quot;:{&quot;unit&quot;:&quot;px&quot;,&quot;size&quot;:&quot;&quot;,&quot;sizes&quot;:[]},&quot;row_gap_tablet&quot;:{&quot;unit&quot;:&quot;px&quot;,&quot;size&quot;:&quot;&quot;,&quot;sizes&quot;:[]},&quot;row_gap_mobile&quot;:{&quot;unit&quot;:&quot;px&quot;,&quot;size&quot;:&quot;&quot;,&quot;sizes&quot;:[]}}\" data-widget_type=\"loop-grid.post\">\n\t\t\t\t<div class=\"elementor-widget-container\">\n\t\t\t\t\t\t\t<div class=\"e-loop-nothing-found-message\">\n\t\t<\/div>\n\t\t\t\t\t\t<\/div>\n\t\t\t\t<\/div>\n\t\t\t\t\t<\/div>\n\t\t<\/div>\n\t\t\t\t\t<\/div>\n\t\t<\/section>\n\t\t\t\t<section class=\"elementor-section elementor-top-section elementor-element elementor-element-10063dc elementor-section-stretched elementor-section-boxed elementor-section-height-default elementor-section-height-default\" data-id=\"10063dc\" data-element_type=\"section\" data-e-type=\"section\" data-settings=\"{&quot;background_background&quot;:&quot;classic&quot;,&quot;stretch_section&quot;:&quot;section-stretched&quot;}\">\n\t\t\t\t\t\t<div class=\"elementor-container elementor-column-gap-default\">\n\t\t\t\t\t<div class=\"elementor-column elementor-col-100 elementor-top-column elementor-element elementor-element-b2cd421\" data-id=\"b2cd421\" data-element_type=\"column\" data-e-type=\"column\">\n\t\t\t<div class=\"elementor-widget-wrap elementor-element-populated\">\n\t\t\t\t\t\t<div class=\"elementor-element elementor-element-bfa8139 elementor-widget elementor-widget-text-editor\" data-id=\"bfa8139\" data-element_type=\"widget\" data-e-type=\"widget\" data-widget_type=\"text-editor.default\">\n\t\t\t\t<div class=\"elementor-widget-container\">\n\t\t\t\t\t\t\t\t\t<h3><b>Vous avez manqu\u00e9 un w\u00e9binaire de d\u00e9monstration ?<\/b><\/h3><h4>Visionnez la rediffusion d\u00e8s maintenant<\/h4>\t\t\t\t\t\t\t\t<\/div>\n\t\t\t\t<\/div>\n\t\t\t\t<div class=\"elementor-element elementor-element-7da88f2 elementor-grid-3 elementor-grid-tablet-2 elementor-grid-mobile-1 elementor-widget elementor-widget-loop-grid\" data-id=\"7da88f2\" data-element_type=\"widget\" data-e-type=\"widget\" data-settings=\"{&quot;template_id&quot;:5839,&quot;_skin&quot;:&quot;post&quot;,&quot;columns&quot;:&quot;3&quot;,&quot;columns_tablet&quot;:&quot;2&quot;,&quot;columns_mobile&quot;:&quot;1&quot;,&quot;edit_handle_selector&quot;:&quot;[data-elementor-type=\\&quot;loop-item\\&quot;]&quot;,&quot;row_gap&quot;:{&quot;unit&quot;:&quot;px&quot;,&quot;size&quot;:&quot;&quot;,&quot;sizes&quot;:[]},&quot;row_gap_tablet&quot;:{&quot;unit&quot;:&quot;px&quot;,&quot;size&quot;:&quot;&quot;,&quot;sizes&quot;:[]},&quot;row_gap_mobile&quot;:{&quot;unit&quot;:&quot;px&quot;,&quot;size&quot;:&quot;&quot;,&quot;sizes&quot;:[]}}\" data-widget_type=\"loop-grid.post\">\n\t\t\t\t<div class=\"elementor-widget-container\">\n\t\t\t\t\t\t\t<div class=\"e-loop-nothing-found-message\">\n\t\t<\/div>\n\t\t\t\t\t\t<\/div>\n\t\t\t\t<\/div>\n\t\t\t\t\t<\/div>\n\t\t<\/div>\n\t\t\t\t\t<\/div>\n\t\t<\/section>\n\t\t\t\t<\/div>\n\t\t","protected":false},"excerpt":{"rendered":"<p>\u00c9v\u00e9nements Les webinaires didactum Participez gratuitement \u00e0 des webinaires anim\u00e9s par des experts en num\u00e9risation de vos processus de formation SST, accueils s\u00e9curit\u00e9 et formations m\u00e9tier. Prochainement Prochainement Vous avez manqu\u00e9 un webinaire m\u00e9tier ou une Masterclass ? Vous avez manqu\u00e9 un w\u00e9binaire de d\u00e9monstration ? Visionnez la rediffusion d\u00e8s maintenant<\/p>\n","protected":false},"author":11,"featured_media":8980,"parent":0,"menu_order":0,"comment_status":"closed","ping_status":"closed","template":"","meta":{"_acf_changed":false,"footnotes":""},"class_list":["post-8979","page","type-page","status-publish","has-post-thumbnail","hentry"],"acf":[],"yoast_head":"<!-- This site is optimized with the Yoast SEO plugin v27.3 - https:\/\/yoast.com\/product\/yoast-seo-wordpress\/ -->\n<title>\u00c9v\u00e9nements Webinar l Didactum<\/title>\n<meta name=\"description\" content=\"\u00c9v\u00e9nements Webinar s&#039;inscrivez-vous \u00e0 nos Webinar de d\u00e9monstration et sujets de fonds.\" \/>\n<meta name=\"robots\" content=\"index, follow, max-snippet:-1, max-image-preview:large, max-video-preview:-1\" \/>\n<link rel=\"canonical\" href=\"https:\/\/didactum.fr\/evenements\/\" \/>\n<meta property=\"og:locale\" content=\"fr_CA\" \/>\n<meta property=\"og:type\" content=\"article\" \/>\n<meta property=\"og:title\" content=\"\u00c9v\u00e9nements Webinar l Didactum\" \/>\n<meta property=\"og:description\" content=\"\u00c9v\u00e9nements Webinar s&#039;inscrivez-vous \u00e0 nos Webinar de d\u00e9monstration et sujets de fonds.\" \/>\n<meta property=\"og:url\" content=\"https:\/\/didactum.fr\/evenements\/\" \/>\n<meta property=\"og:site_name\" content=\"Didactum\" \/>\n<meta property=\"article:modified_time\" content=\"2026-04-17T13:39:25+00:00\" \/>\n<meta property=\"og:image\" content=\"https:\/\/didactum.fr\/wp-content\/uploads\/2022\/09\/header_competencemetier_x2@2x.png\" \/>\n\t<meta property=\"og:image:width\" content=\"1440\" \/>\n\t<meta property=\"og:image:height\" content=\"750\" \/>\n\t<meta property=\"og:image:type\" content=\"image\/png\" \/>\n<meta name=\"twitter:card\" content=\"summary_large_image\" \/>\n<script type=\"application\/ld+json\" class=\"yoast-schema-graph\">{\"@context\":\"https:\\\/\\\/schema.org\",\"@graph\":[{\"@type\":\"WebPage\",\"@id\":\"https:\\\/\\\/didactum.fr\\\/evenements\\\/\",\"url\":\"https:\\\/\\\/didactum.fr\\\/evenements\\\/\",\"name\":\"\u00c9v\u00e9nements Webinar l Didactum\",\"isPartOf\":{\"@id\":\"https:\\\/\\\/didactum.fr\\\/#website\"},\"primaryImageOfPage\":{\"@id\":\"https:\\\/\\\/didactum.fr\\\/evenements\\\/#primaryimage\"},\"image\":{\"@id\":\"https:\\\/\\\/didactum.fr\\\/evenements\\\/#primaryimage\"},\"thumbnailUrl\":\"https:\\\/\\\/didactum.fr\\\/wp-content\\\/uploads\\\/2022\\\/09\\\/header_competencemetier_x2@2x.png\",\"datePublished\":\"2023-10-30T16:14:01+00:00\",\"dateModified\":\"2026-04-17T13:39:25+00:00\",\"description\":\"\u00c9v\u00e9nements Webinar s'inscrivez-vous \u00e0 nos Webinar de d\u00e9monstration et sujets de fonds.\",\"inLanguage\":\"fr-CA\",\"potentialAction\":[{\"@type\":\"ReadAction\",\"target\":[\"https:\\\/\\\/didactum.fr\\\/evenements\\\/\"]}]},{\"@type\":\"ImageObject\",\"inLanguage\":\"fr-CA\",\"@id\":\"https:\\\/\\\/didactum.fr\\\/evenements\\\/#primaryimage\",\"url\":\"https:\\\/\\\/didactum.fr\\\/wp-content\\\/uploads\\\/2022\\\/09\\\/header_competencemetier_x2@2x.png\",\"contentUrl\":\"https:\\\/\\\/didactum.fr\\\/wp-content\\\/uploads\\\/2022\\\/09\\\/header_competencemetier_x2@2x.png\",\"width\":1440,\"height\":750},{\"@type\":\"WebSite\",\"@id\":\"https:\\\/\\\/didactum.fr\\\/#website\",\"url\":\"https:\\\/\\\/didactum.fr\\\/\",\"name\":\"Didactum\",\"description\":\"\",\"publisher\":{\"@id\":\"https:\\\/\\\/didactum.fr\\\/#organization\"},\"potentialAction\":[{\"@type\":\"SearchAction\",\"target\":{\"@type\":\"EntryPoint\",\"urlTemplate\":\"https:\\\/\\\/didactum.fr\\\/?s={search_term_string}\"},\"query-input\":{\"@type\":\"PropertyValueSpecification\",\"valueRequired\":true,\"valueName\":\"search_term_string\"}}],\"inLanguage\":\"fr-CA\"},{\"@type\":\"Organization\",\"@id\":\"https:\\\/\\\/didactum.fr\\\/#organization\",\"name\":\"Didactum\",\"url\":\"https:\\\/\\\/didactum.fr\\\/\",\"logo\":{\"@type\":\"ImageObject\",\"inLanguage\":\"fr-CA\",\"@id\":\"https:\\\/\\\/didactum.fr\\\/#\\\/schema\\\/logo\\\/image\\\/\",\"url\":\"https:\\\/\\\/didactum.fr\\\/wp-content\\\/uploads\\\/2021\\\/01\\\/Didactum-logo.png\",\"contentUrl\":\"https:\\\/\\\/didactum.fr\\\/wp-content\\\/uploads\\\/2021\\\/01\\\/Didactum-logo.png\",\"width\":588,\"height\":165,\"caption\":\"Didactum\"},\"image\":{\"@id\":\"https:\\\/\\\/didactum.fr\\\/#\\\/schema\\\/logo\\\/image\\\/\"},\"sameAs\":[\"https:\\\/\\\/www.linkedin.com\\\/company\\\/didactumformation\\\/\"]}]}<\/script>\n<!-- \/ Yoast SEO plugin. -->","yoast_head_json":{"title":"\u00c9v\u00e9nements Webinar l Didactum","description":"\u00c9v\u00e9nements Webinar s'inscrivez-vous \u00e0 nos Webinar de d\u00e9monstration et sujets de fonds.","robots":{"index":"index","follow":"follow","max-snippet":"max-snippet:-1","max-image-preview":"max-image-preview:large","max-video-preview":"max-video-preview:-1"},"canonical":"https:\/\/didactum.fr\/evenements\/","og_locale":"fr_CA","og_type":"article","og_title":"\u00c9v\u00e9nements Webinar l Didactum","og_description":"\u00c9v\u00e9nements Webinar s'inscrivez-vous \u00e0 nos Webinar de d\u00e9monstration et sujets de fonds.","og_url":"https:\/\/didactum.fr\/evenements\/","og_site_name":"Didactum","article_modified_time":"2026-04-17T13:39:25+00:00","og_image":[{"width":1440,"height":750,"url":"https:\/\/didactum.fr\/wp-content\/uploads\/2022\/09\/header_competencemetier_x2@2x.png","type":"image\/png"}],"twitter_card":"summary_large_image","schema":{"@context":"https:\/\/schema.org","@graph":[{"@type":"WebPage","@id":"https:\/\/didactum.fr\/evenements\/","url":"https:\/\/didactum.fr\/evenements\/","name":"\u00c9v\u00e9nements Webinar l Didactum","isPartOf":{"@id":"https:\/\/didactum.fr\/#website"},"primaryImageOfPage":{"@id":"https:\/\/didactum.fr\/evenements\/#primaryimage"},"image":{"@id":"https:\/\/didactum.fr\/evenements\/#primaryimage"},"thumbnailUrl":"https:\/\/didactum.fr\/wp-content\/uploads\/2022\/09\/header_competencemetier_x2@2x.png","datePublished":"2023-10-30T16:14:01+00:00","dateModified":"2026-04-17T13:39:25+00:00","description":"\u00c9v\u00e9nements Webinar s'inscrivez-vous \u00e0 nos Webinar de d\u00e9monstration et sujets de fonds.","inLanguage":"fr-CA","potentialAction":[{"@type":"ReadAction","target":["https:\/\/didactum.fr\/evenements\/"]}]},{"@type":"ImageObject","inLanguage":"fr-CA","@id":"https:\/\/didactum.fr\/evenements\/#primaryimage","url":"https:\/\/didactum.fr\/wp-content\/uploads\/2022\/09\/header_competencemetier_x2@2x.png","contentUrl":"https:\/\/didactum.fr\/wp-content\/uploads\/2022\/09\/header_competencemetier_x2@2x.png","width":1440,"height":750},{"@type":"WebSite","@id":"https:\/\/didactum.fr\/#website","url":"https:\/\/didactum.fr\/","name":"Didactum","description":"","publisher":{"@id":"https:\/\/didactum.fr\/#organization"},"potentialAction":[{"@type":"SearchAction","target":{"@type":"EntryPoint","urlTemplate":"https:\/\/didactum.fr\/?s={search_term_string}"},"query-input":{"@type":"PropertyValueSpecification","valueRequired":true,"valueName":"search_term_string"}}],"inLanguage":"fr-CA"},{"@type":"Organization","@id":"https:\/\/didactum.fr\/#organization","name":"Didactum","url":"https:\/\/didactum.fr\/","logo":{"@type":"ImageObject","inLanguage":"fr-CA","@id":"https:\/\/didactum.fr\/#\/schema\/logo\/image\/","url":"https:\/\/didactum.fr\/wp-content\/uploads\/2021\/01\/Didactum-logo.png","contentUrl":"https:\/\/didactum.fr\/wp-content\/uploads\/2021\/01\/Didactum-logo.png","width":588,"height":165,"caption":"Didactum"},"image":{"@id":"https:\/\/didactum.fr\/#\/schema\/logo\/image\/"},"sameAs":["https:\/\/www.linkedin.com\/company\/didactumformation\/"]}]}},"_links":{"self":[{"href":"https:\/\/didactum.fr\/fr-ca\/wp-json\/wp\/v2\/pages\/8979","targetHints":{"allow":["GET"]}}],"collection":[{"href":"https:\/\/didactum.fr\/fr-ca\/wp-json\/wp\/v2\/pages"}],"about":[{"href":"https:\/\/didactum.fr\/fr-ca\/wp-json\/wp\/v2\/types\/page"}],"author":[{"embeddable":true,"href":"https:\/\/didactum.fr\/fr-ca\/wp-json\/wp\/v2\/users\/11"}],"replies":[{"embeddable":true,"href":"https:\/\/didactum.fr\/fr-ca\/wp-json\/wp\/v2\/comments?post=8979"}],"version-history":[{"count":3,"href":"https:\/\/didactum.fr\/fr-ca\/wp-json\/wp\/v2\/pages\/8979\/revisions"}],"predecessor-version":[{"id":9418,"href":"https:\/\/didactum.fr\/fr-ca\/wp-json\/wp\/v2\/pages\/8979\/revisions\/9418"}],"wp:featuredmedia":[{"embeddable":true,"href":"https:\/\/didactum.fr\/fr-ca\/wp-json\/wp\/v2\/media\/8980"}],"wp:attachment":[{"href":"https:\/\/didactum.fr\/fr-ca\/wp-json\/wp\/v2\/media?parent=8979"}],"curies":[{"name":"wp","href":"https:\/\/api.w.org\/{rel}","templated":true}]}}